{"id":2987,"date":"2023-10-03T19:14:24","date_gmt":"2023-10-03T19:14:24","guid":{"rendered":"https:\/\/www.neuraltrainer.com\/?post_type=product&#038;p=2987"},"modified":"2025-05-30T14:25:57","modified_gmt":"2025-05-30T14:25:57","slug":"plan-elite","status":"publish","type":"product","link":"https:\/\/neuraltrainer.com\/es\/producto\/plan-elite\/","title":{"rendered":"PLAN ELITE"},"content":{"rendered":"<div class=\"wpb-content-wrapper\"><p>[vc_row full_width=\u00bbstretch_row\u00bb el_class=\u00bbdescription-produts\u00bb css=\u00bb.vc_custom_1741892926889{background-color: #ffffff !important;}\u00bb _et_uniqid=\u00bbet_custom_uniqid_new_67d32d34023c0&#8243;][vc_column][vc_column_text css=\u00bb.vc_custom_1744817925744{margin-bottom: 0px !important;}\u00bb]<\/p>\n<h3>Descripci\u00f3n:<\/h3>\n<p>Con <strong>Neural Trainer Elite<\/strong>, podr\u00e1s acceder a la mayor variedad de est\u00edmulos, incluyendo letras y s\u00edmbolos matem\u00e1ticos, ampliando la personalizaci\u00f3n de tus entrenamientos.<\/p>\n<p>Adem\u00e1s de la competencia entre atletas y el entrenamiento en tiempo real, esta incorpora de forma exclusiva el modo fotoc\u00e9lula, permitiendo evaluar tiempos parciales y totales, adem\u00e1s de crear tests personalizados de agilidad.<\/p>\n<p>Para complementar esta experiencia, contar\u00e1s con 40 ejercicios cognitivos precargados, dise\u00f1ados para mejorar tu performance cognitiva, trabajando \u00e1reas clave como percepci\u00f3n visual, memoria, atenci\u00f3n y agilidad mental. Todo esto garantiza sesiones de entrenamiento m\u00e1s efectivas, sin necesidad de configuraciones manuales.[\/vc_column_text][\/vc_column][\/vc_row][vc_row full_width=\u00bbstretch_row\u00bb el_class=\u00bbdescription-produts blanco\u00bb css=\u00bb.vc_custom_1744817355258{margin-top: 0px !important;margin-bottom: 0px !important;padding-top: 20px !important;padding-bottom: 0px !important;background-color: #ffffff !important;}\u00bb _et_uniqid=\u00bbet_custom_uniqid_new_67ffccbcdde18&#8243;][vc_column css=\u00bb.vc_custom_1742078765834{margin-bottom: 0px !important;padding-bottom: 0px !important;}\u00bb _et_uniqid=\u00bbet_custom_uniqid_new_67d60327990ab\u00bb][vc_column_text css=\u00bb.vc_custom_1745343419890{margin-top: 0px !important;margin-bottom: 0px !important;padding-bottom: 0px !important;}\u00bb el_class=\u00bbtituliacors\u00bb]<\/p>\n<h3>Comparativo de planes de app:<\/h3>\n<p>[\/vc_column_text][\/vc_column][\/vc_row][vc_row css=\u00bb.vc_custom_1744817406032{margin-top: 0px !important;padding-top: 0px !important;}\u00bb _et_uniqid=\u00bbet_custom_uniqid_new_67ffccf56101b\u00bb][vc_column][vc_raw_html css=\u00bb.vc_custom_1742142700689{margin-top: 0px !important;margin-bottom: 0px !important;padding-top: 0px !important;padding-bottom: 0px !important;}\u00bb]JTVCYmxvY2slMjBpZCUzRCUyMjQ4NjclMjIlNUQ=[\/vc_raw_html][\/vc_column][\/vc_row][vc_row _et_uniqid=\u00bbet_custom_uniqid_new_67d6f33d40137&#8243;][vc_column][vc_raw_html css=\u00bb.vc_custom_1744818035541{margin-top: 0px !important;margin-bottom: 0px !important;padding-top: 0px !important;padding-bottom: 0px !important;}\u00bb]JTNDc2NyaXB0JTNFJTBBZG9jdW1lbnQuYWRkRXZlbnRMaXN0ZW5lciUyOCUyMkRPTUNvbnRlbnRMb2FkZWQlMjIlMkMlMjBmdW5jdGlvbiUyOCUyOSUyMCU3QiUwQSUyMCUyMCUyMCUyMCUyRiUyRiUyMFNlbGVjY2lvbmFyJTIwdG9kb3MlMjBsb3MlMjBib3RvbmVzJTIwY29uJTIwbGFzJTIwY2xhc2VzJTIwZXNwZWMlQzMlQURmaWNhcyUwQSUyMCUyMCUyMCUyMGxldCUyMGJ1dHRvbnMlMjAlM0QlMjBkb2N1bWVudC5xdWVyeVNlbGVjdG9yQWxsJTI4JTIyYnV0dG9uLmV0LXNpbmdsZS1idXktbm93LnNpbmdsZV9hZGRfdG9fY2FydF9idXR0b24uYnV0dG9uLmFsdCUyMiUyOSUzQiUwQSUwQSUyMCUyMCUyMCUyMCUyRiUyRiUyMEFzZWd1cmFyJTIwcXVlJTIwc29sbyUyMHNlJTIwbW9kaWZpcXVlbiUyMGxvcyUyMGRvcyUyMHByaW1lcm9zJTIwYm90b25lcyUyMGVuY29udHJhZG9zJTBBJTIwJTIwJTIwJTIwaWYlMjAlMjhidXR0b25zLmxlbmd0aCUyMCUzRSUzRCUyMDIlMjklMjAlN0IlMEElMjAlMjAlMjAlMjAlMjAlMjAlMjAlMjBidXR0b25zJTVCMCU1RC50ZXh0Q29udGVudCUyMCUzRCUyMCUyMkNvbXByYXIlMjBhaG9yYSUyMiUzQiUwQSUyMCUyMCUyMCUyMCUyMCUyMCUyMCUyMGJ1dHRvbnMlNUIxJTVELnRleHRDb250ZW50JTIwJTNEJTIwJTIyQ29tcHJhciUyMGFob3JhJTIyJTNCJTBBJTIwJTIwJTIwJTIwJTdEJTBBJTdEJTI5JTNCJTBBJTNDJTJGc2NyaXB0JTNFJTBB[\/vc_raw_html][\/vc_column][\/vc_row]<\/p>\n<\/div>","protected":false},"excerpt":{"rendered":"<p>Suscripci\u00f3n anual \/\u00a0No incluye nodos<\/p>\n","protected":false},"featured_media":5266,"comment_status":"closed","ping_status":"closed","template":"","meta":[],"etheme_brands":[],"product_brand":[],"product_cat":[108],"product_tag":[],"class_list":{"0":"post-2987","1":"product","2":"type-product","3":"status-publish","4":"has-post-thumbnail","6":"product_cat-planes-de-app","8":"first","9":"instock","10":"virtual","11":"purchasable","12":"product-type-simple"},"yoast_head":"<!-- This site is optimized with the Yoast SEO plugin v24.8.1 - https:\/\/yoast.com\/wordpress\/plugins\/seo\/ -->\n<title>PLAN ELITE - Neural Trainer<\/title>\n<meta name=\"robots\" content=\"index, follow, max-snippet:-1, max-image-preview:large, max-video-preview:-1\" \/>\n<link rel=\"canonical\" href=\"https:\/\/neuraltrainer.com\/es\/producto\/plan-elite\/\" \/>\n<meta property=\"og:locale\" content=\"es_ES\" \/>\n<meta property=\"og:type\" content=\"article\" \/>\n<meta property=\"og:title\" content=\"PLAN ELITE - Neural Trainer\" \/>\n<meta property=\"og:description\" content=\"Suscripci\u00f3n anual \/\u00a0No incluye nodos\" \/>\n<meta property=\"og:url\" content=\"https:\/\/neuraltrainer.com\/es\/producto\/plan-elite\/\" \/>\n<meta property=\"og:site_name\" content=\"Neural Trainer\" \/>\n<meta property=\"article:modified_time\" content=\"2025-05-30T14:25:57+00:00\" \/>\n<meta property=\"og:image\" content=\"https:\/\/neuraltrainer.com\/wp-content\/uploads\/2023\/10\/Frame-1171279392.png\" \/>\n\t<meta property=\"og:image:width\" content=\"540\" \/>\n\t<meta property=\"og:image:height\" content=\"540\" \/>\n\t<meta property=\"og:image:type\" content=\"image\/png\" \/>\n<meta name=\"twitter:card\" content=\"summary_large_image\" \/>\n<meta name=\"twitter:label1\" content=\"Tiempo de lectura\" \/>\n\t<meta name=\"twitter:data1\" content=\"1 minuto\" \/>\n<script type=\"application\/ld+json\" class=\"yoast-schema-graph\">{\"@context\":\"https:\/\/schema.org\",\"@graph\":[{\"@type\":\"WebPage\",\"@id\":\"https:\/\/neuraltrainer.com\/es\/producto\/plan-elite\/\",\"url\":\"https:\/\/neuraltrainer.com\/es\/producto\/plan-elite\/\",\"name\":\"PLAN ELITE - Neural Trainer\",\"isPartOf\":{\"@id\":\"https:\/\/app2.neuraltrainer.com\/es\/#website\"},\"primaryImageOfPage\":{\"@id\":\"https:\/\/neuraltrainer.com\/es\/producto\/plan-elite\/#primaryimage\"},\"image\":{\"@id\":\"https:\/\/neuraltrainer.com\/es\/producto\/plan-elite\/#primaryimage\"},\"thumbnailUrl\":\"https:\/\/neuraltrainer.com\/wp-content\/uploads\/2023\/10\/Frame-1171279392.png\",\"datePublished\":\"2023-10-03T19:14:24+00:00\",\"dateModified\":\"2025-05-30T14:25:57+00:00\",\"breadcrumb\":{\"@id\":\"https:\/\/neuraltrainer.com\/es\/producto\/plan-elite\/#breadcrumb\"},\"inLanguage\":\"es\",\"potentialAction\":[{\"@type\":\"ReadAction\",\"target\":[\"https:\/\/neuraltrainer.com\/es\/producto\/plan-elite\/\"]}]},{\"@type\":\"ImageObject\",\"inLanguage\":\"es\",\"@id\":\"https:\/\/neuraltrainer.com\/es\/producto\/plan-elite\/#primaryimage\",\"url\":\"https:\/\/neuraltrainer.com\/wp-content\/uploads\/2023\/10\/Frame-1171279392.png\",\"contentUrl\":\"https:\/\/neuraltrainer.com\/wp-content\/uploads\/2023\/10\/Frame-1171279392.png\",\"width\":540,\"height\":540},{\"@type\":\"BreadcrumbList\",\"@id\":\"https:\/\/neuraltrainer.com\/es\/producto\/plan-elite\/#breadcrumb\",\"itemListElement\":[{\"@type\":\"ListItem\",\"position\":1,\"name\":\"Portada\",\"item\":\"https:\/\/app2.neuraltrainer.com\/es\/\"},{\"@type\":\"ListItem\",\"position\":2,\"name\":\"Tienda\",\"item\":\"https:\/\/www.neuraltrainer.com\/es\/tienda\/\"},{\"@type\":\"ListItem\",\"position\":3,\"name\":\"PLAN ELITE\"}]},{\"@type\":\"WebSite\",\"@id\":\"https:\/\/app2.neuraltrainer.com\/es\/#website\",\"url\":\"https:\/\/app2.neuraltrainer.com\/es\/\",\"name\":\"Neural Trainer\",\"description\":\"El entrenamiento del futuro\",\"publisher\":{\"@id\":\"https:\/\/app2.neuraltrainer.com\/es\/#organization\"},\"potentialAction\":[{\"@type\":\"SearchAction\",\"target\":{\"@type\":\"EntryPoint\",\"urlTemplate\":\"https:\/\/app2.neuraltrainer.com\/es\/?s={search_term_string}\"},\"query-input\":{\"@type\":\"PropertyValueSpecification\",\"valueRequired\":true,\"valueName\":\"search_term_string\"}}],\"inLanguage\":\"es\"},{\"@type\":\"Organization\",\"@id\":\"https:\/\/app2.neuraltrainer.com\/es\/#organization\",\"name\":\"Neural Trainer\",\"url\":\"https:\/\/app2.neuraltrainer.com\/es\/\",\"logo\":{\"@type\":\"ImageObject\",\"inLanguage\":\"es\",\"@id\":\"https:\/\/app2.neuraltrainer.com\/es\/#\/schema\/logo\/image\/\",\"url\":\"https:\/\/www.neuraltrainer.com\/wp-content\/uploads\/2020\/11\/logo.png\",\"contentUrl\":\"https:\/\/www.neuraltrainer.com\/wp-content\/uploads\/2020\/11\/logo.png\",\"width\":224,\"height\":225,\"caption\":\"Neural Trainer\"},\"image\":{\"@id\":\"https:\/\/app2.neuraltrainer.com\/es\/#\/schema\/logo\/image\/\"}}]}<\/script>\n<!-- \/ Yoast SEO plugin. -->","yoast_head_json":{"title":"PLAN ELITE - Neural Trainer","robots":{"index":"index","follow":"follow","max-snippet":"max-snippet:-1","max-image-preview":"max-image-preview:large","max-video-preview":"max-video-preview:-1"},"canonical":"https:\/\/neuraltrainer.com\/es\/producto\/plan-elite\/","og_locale":"es_ES","og_type":"article","og_title":"PLAN ELITE - Neural Trainer","og_description":"Suscripci\u00f3n anual \/\u00a0No incluye nodos","og_url":"https:\/\/neuraltrainer.com\/es\/producto\/plan-elite\/","og_site_name":"Neural Trainer","article_modified_time":"2025-05-30T14:25:57+00:00","og_image":[{"width":540,"height":540,"url":"https:\/\/neuraltrainer.com\/wp-content\/uploads\/2023\/10\/Frame-1171279392.png","type":"image\/png"}],"twitter_card":"summary_large_image","twitter_misc":{"Tiempo de lectura":"1 minuto"},"schema":{"@context":"https:\/\/schema.org","@graph":[{"@type":"WebPage","@id":"https:\/\/neuraltrainer.com\/es\/producto\/plan-elite\/","url":"https:\/\/neuraltrainer.com\/es\/producto\/plan-elite\/","name":"PLAN ELITE - Neural Trainer","isPartOf":{"@id":"https:\/\/app2.neuraltrainer.com\/es\/#website"},"primaryImageOfPage":{"@id":"https:\/\/neuraltrainer.com\/es\/producto\/plan-elite\/#primaryimage"},"image":{"@id":"https:\/\/neuraltrainer.com\/es\/producto\/plan-elite\/#primaryimage"},"thumbnailUrl":"https:\/\/neuraltrainer.com\/wp-content\/uploads\/2023\/10\/Frame-1171279392.png","datePublished":"2023-10-03T19:14:24+00:00","dateModified":"2025-05-30T14:25:57+00:00","breadcrumb":{"@id":"https:\/\/neuraltrainer.com\/es\/producto\/plan-elite\/#breadcrumb"},"inLanguage":"es","potentialAction":[{"@type":"ReadAction","target":["https:\/\/neuraltrainer.com\/es\/producto\/plan-elite\/"]}]},{"@type":"ImageObject","inLanguage":"es","@id":"https:\/\/neuraltrainer.com\/es\/producto\/plan-elite\/#primaryimage","url":"https:\/\/neuraltrainer.com\/wp-content\/uploads\/2023\/10\/Frame-1171279392.png","contentUrl":"https:\/\/neuraltrainer.com\/wp-content\/uploads\/2023\/10\/Frame-1171279392.png","width":540,"height":540},{"@type":"BreadcrumbList","@id":"https:\/\/neuraltrainer.com\/es\/producto\/plan-elite\/#breadcrumb","itemListElement":[{"@type":"ListItem","position":1,"name":"Portada","item":"https:\/\/app2.neuraltrainer.com\/es\/"},{"@type":"ListItem","position":2,"name":"Tienda","item":"https:\/\/www.neuraltrainer.com\/es\/tienda\/"},{"@type":"ListItem","position":3,"name":"PLAN ELITE"}]},{"@type":"WebSite","@id":"https:\/\/app2.neuraltrainer.com\/es\/#website","url":"https:\/\/app2.neuraltrainer.com\/es\/","name":"Neural Trainer","description":"El entrenamiento del futuro","publisher":{"@id":"https:\/\/app2.neuraltrainer.com\/es\/#organization"},"potentialAction":[{"@type":"SearchAction","target":{"@type":"EntryPoint","urlTemplate":"https:\/\/app2.neuraltrainer.com\/es\/?s={search_term_string}"},"query-input":{"@type":"PropertyValueSpecification","valueRequired":true,"valueName":"search_term_string"}}],"inLanguage":"es"},{"@type":"Organization","@id":"https:\/\/app2.neuraltrainer.com\/es\/#organization","name":"Neural Trainer","url":"https:\/\/app2.neuraltrainer.com\/es\/","logo":{"@type":"ImageObject","inLanguage":"es","@id":"https:\/\/app2.neuraltrainer.com\/es\/#\/schema\/logo\/image\/","url":"https:\/\/www.neuraltrainer.com\/wp-content\/uploads\/2020\/11\/logo.png","contentUrl":"https:\/\/www.neuraltrainer.com\/wp-content\/uploads\/2020\/11\/logo.png","width":224,"height":225,"caption":"Neural Trainer"},"image":{"@id":"https:\/\/app2.neuraltrainer.com\/es\/#\/schema\/logo\/image\/"}}]}},"_links":{"self":[{"href":"https:\/\/neuraltrainer.com\/es\/wp-json\/wp\/v2\/product\/2987","targetHints":{"allow":["GET"]}}],"collection":[{"href":"https:\/\/neuraltrainer.com\/es\/wp-json\/wp\/v2\/product"}],"about":[{"href":"https:\/\/neuraltrainer.com\/es\/wp-json\/wp\/v2\/types\/product"}],"replies":[{"embeddable":true,"href":"https:\/\/neuraltrainer.com\/es\/wp-json\/wp\/v2\/comments?post=2987"}],"wp:featuredmedia":[{"embeddable":true,"href":"https:\/\/neuraltrainer.com\/es\/wp-json\/wp\/v2\/media\/5266"}],"wp:attachment":[{"href":"https:\/\/neuraltrainer.com\/es\/wp-json\/wp\/v2\/media?parent=2987"}],"wp:term":[{"taxonomy":"brand","embeddable":true,"href":"https:\/\/neuraltrainer.com\/es\/wp-json\/wp\/v2\/etheme_brands?post=2987"},{"taxonomy":"product_brand","embeddable":true,"href":"https:\/\/neuraltrainer.com\/es\/wp-json\/wp\/v2\/product_brand?post=2987"},{"taxonomy":"product_cat","embeddable":true,"href":"https:\/\/neuraltrainer.com\/es\/wp-json\/wp\/v2\/product_cat?post=2987"},{"taxonomy":"product_tag","embeddable":true,"href":"https:\/\/neuraltrainer.com\/es\/wp-json\/wp\/v2\/product_tag?post=2987"}],"curies":[{"name":"wp","href":"https:\/\/api.w.org\/{rel}","templated":true}]}}